{"id":208340,"date":"2019-08-06T10:58:17","date_gmt":"2019-08-06T09:58:17","guid":{"rendered":"https:\/\/www.builcogreen.arrabona.eu\/vymena-skusenosti-a-zdielanie-postupov-dobrej-praxe\/"},"modified":"2019-08-06T10:58:22","modified_gmt":"2019-08-06T09:58:22","slug":"vymena-skusenosti-a-zdielanie-postupov-dobrej-praxe","status":"publish","type":"page","link":"https:\/\/builcogreen.arrabona.eu\/sk\/vymena-skusenosti-a-zdielanie-postupov-dobrej-praxe\/","title":{"rendered":"V\u00fdmena sk\u00fasenost\u00ed a zdie\u013eanie postupov dobrej praxe"},"content":{"rendered":"\t\t<div data-elementor-type=\"wp-post\" data-elementor-id=\"208340\" class=\"elementor elementor-208340 elementor-207103\" data-elementor-settings=\"{&quot;ha_cmc_init_switcher&quot;:&quot;no&quot;}\" data-elementor-post-type=\"page\">\n\t\t\t\t\t\t<section class=\"elementor-section elementor-top-section elementor-element elementor-element-5decd4d6 elementor-section-full_width elementor-section-height-min-height elementor-section-items-stretch elementor-section-content-middle elementor-section-height-default\" data-id=\"5decd4d6\" data-element_type=\"section\" data-e-type=\"section\" data-settings=\"{&quot;background_background&quot;:&quot;none&quot;,&quot;_ha_eqh_enable&quot;:false}\">\n\t\t\t\t\t\t<div class=\"elementor-container elementor-column-gap-no\">\n\t\t\t\t\t<div class=\"elementor-column elementor-col-50 elementor-top-column elementor-element elementor-element-17a6a68f\" data-id=\"17a6a68f\" data-element_type=\"column\" data-e-type=\"column\" data-settings=\"{&quot;background_background&quot;:&quot;classic&quot;}\">\n\t\t\t<div class=\"elementor-widget-wrap elementor-element-populated\">\n\t\t\t\t\t\t<div class=\"elementor-element elementor-element-7c726f1a elementor-position-left elementor-vertical-align-middle ha-has-bg-overlay elementor-widget elementor-widget-image-box\" data-id=\"7c726f1a\" data-element_type=\"widget\" data-e-type=\"widget\" data-widget_type=\"image-box.default\">\n\t\t\t\t<div class=\"elementor-widget-container\">\n\t\t\t\t\t<div class=\"elementor-image-box-wrapper\"><figure class=\"elementor-image-box-img\"><img fetchpriority=\"high\" decoding=\"async\" width=\"1084\" height=\"900\" src=\"https:\/\/builcogreen.arrabona.eu\/wp-content\/uploads\/sites\/7\/2018\/11\/Tapasztalatcsere.jpg\" class=\"attachment-full size-full wp-image-207100\" alt=\"\" srcset=\"https:\/\/builcogreen.arrabona.eu\/wp-content\/uploads\/sites\/7\/2018\/11\/Tapasztalatcsere.jpg 1084w, https:\/\/builcogreen.arrabona.eu\/wp-content\/uploads\/sites\/7\/2018\/11\/Tapasztalatcsere-300x249.jpg 300w, https:\/\/builcogreen.arrabona.eu\/wp-content\/uploads\/sites\/7\/2018\/11\/Tapasztalatcsere-768x638.jpg 768w, https:\/\/builcogreen.arrabona.eu\/wp-content\/uploads\/sites\/7\/2018\/11\/Tapasztalatcsere-1024x850.jpg 1024w\" sizes=\"(max-width: 1084px) 100vw, 1084px\" \/><\/figure><div class=\"elementor-image-box-content\"><h3 class=\"elementor-image-box-title\">V\u00fdmena sk\u00fasenost\u00ed a zdie\u013eanie postupov dobrej praxe<\/h3><p class=\"elementor-image-box-description\">\u00da\u010dastn\u00edci s\u00e9rie workshopov realizovan\u00fdch v r\u00e1mci projektu si m\u00f4\u017eu s odborn\u00edkmi vymie\u0148a\u0165 sk\u00fasenosti v oblasti riadenia a prev\u00e1dzky obc\u00ed, ako aj konzultova\u0165 postupy dobrej praxe zaveden\u00e9 na miestnej \u00farovni.<\/p><\/div><\/div>\t\t\t\t<\/div>\n\t\t\t\t<\/div>\n\t\t\t\t<div class=\"elementor-element elementor-element-3fab6843 elementor-view-stacked elementor-shape-circle elementor-widget elementor-widget-icon\" data-id=\"3fab6843\" data-element_type=\"widget\" data-e-type=\"widget\" data-widget_type=\"icon.default\">\n\t\t\t\t<div class=\"elementor-widget-container\">\n\t\t\t\t\t\t\t<div class=\"elementor-icon-wrapper\">\n\t\t\t<a class=\"elementor-icon\" href=\"#folytatas\">\n\t\t\t\t\t\t\t<i class=\"fa fa-arrow-down\" aria-hidden=\"true\"><\/i>\n\t\t\t\t\t\t<\/a>\n\t\t<\/div>\n\t\t\t\t\t\t<\/div>\n\t\t\t\t<\/div>\n\t\t\t\t\t<\/div>\n\t\t<\/div>\n\t\t\t\t<div class=\"elementor-column elementor-col-50 elementor-top-column elementor-element elementor-element-1b89b20f\" data-id=\"1b89b20f\" data-element_type=\"column\" data-e-type=\"column\" data-settings=\"{&quot;background_background&quot;:&quot;none&quot;}\">\n\t\t\t<div class=\"elementor-widget-wrap\">\n\t\t\t\t\t\t\t<\/div>\n\t\t<\/div>\n\t\t\t\t\t<\/div>\n\t\t<\/section>\n\t\t\t\t<section class=\"elementor-section elementor-top-section elementor-element elementor-element-3eeba7c6 elementor-section-full_width elementor-section-height-default elementor-section-height-default\" data-id=\"3eeba7c6\" data-element_type=\"section\" data-e-type=\"section\" data-settings=\"{&quot;background_background&quot;:&quot;classic&quot;,&quot;_ha_eqh_enable&quot;:false}\">\n\t\t\t\t\t\t<div class=\"elementor-container elementor-column-gap-no\">\n\t\t\t\t\t<div class=\"elementor-column elementor-col-100 elementor-top-column elementor-element elementor-element-680df3ae\" data-id=\"680df3ae\" data-element_type=\"column\" data-e-type=\"column\">\n\t\t\t<div class=\"elementor-widget-wrap elementor-element-populated\">\n\t\t\t\t\t\t<div class=\"elementor-element elementor-element-695b62e9 elementor-widget elementor-widget-heading\" data-id=\"695b62e9\" data-element_type=\"widget\" data-e-type=\"widget\" data-widget_type=\"heading.default\">\n\t\t\t\t<div class=\"elementor-widget-container\">\n\t\t\t\t\t<h2 class=\"elementor-heading-title elementor-size-default\">Builco<BR>Green<\/h2>\t\t\t\t<\/div>\n\t\t\t\t<\/div>\n\t\t\t\t\t<\/div>\n\t\t<\/div>\n\t\t\t\t\t<\/div>\n\t\t<\/section>\n\t\t\t\t<section class=\"elementor-section elementor-top-section elementor-element elementor-element-1130bb0b elementor-section-boxed elementor-section-height-default elementor-section-height-default\" data-id=\"1130bb0b\" data-element_type=\"section\" data-e-type=\"section\" data-settings=\"{&quot;background_background&quot;:&quot;classic&quot;,&quot;_ha_eqh_enable&quot;:false}\">\n\t\t\t\t\t\t<div class=\"elementor-container elementor-column-gap-no\">\n\t\t\t\t\t<div class=\"elementor-column elementor-col-100 elementor-top-column elementor-element elementor-element-1dc3df9b\" data-id=\"1dc3df9b\" data-element_type=\"column\" data-e-type=\"column\">\n\t\t\t<div class=\"elementor-widget-wrap elementor-element-populated\">\n\t\t\t\t\t\t<div class=\"elementor-element elementor-element-38ebe9dc elementor-widget elementor-widget-text-editor\" data-id=\"38ebe9dc\" data-element_type=\"widget\" data-e-type=\"widget\" id=\"folytatas\" data-widget_type=\"text-editor.default\">\n\t\t\t\t<div class=\"elementor-widget-container\">\n\t\t\t\t\t\t\t\t\t<p>Dvojd\u0148ov\u00e9 workshopy s\u00fa zameran\u00e9 na \u0161tyr\u00a0tematick\u00e9 oblasti, ku ka\u017edej z nich je priraden\u00e9 jedno partnersk\u00e9 mesto a to nasledovne: nakladanie s komun\u00e1lnym odpadom (Gy\u0151r), skr\u00e1\u0161\u013eovanie mesta \u2013 vytvorenie kvetinov\u00e9ho mesta (Mosonmagyar\u00f3v\u00e1r), prev\u00e1dzka verejn\u00fdch a vojensk\u00fdch cintor\u00ednov (Dunajsk\u00e1 Streda) a \u00fadr\u017eba verejnej zelene (\u0160amor\u00edn). Po odborn\u00fdch predn\u00e1\u0161kach v dan\u00fdch tematick\u00fdch okruhoch nasleduje interakt\u00edvna diskusia za okr\u00fahlym stolom pre v\u0161etk\u00fdch z\u00fa\u010dastnen\u00fdch s mo\u017enos\u0165ou kladenia ot\u00e1zok. \u010eal\u0161ou pr\u00edle\u017eitos\u0165ou na zmapovanie mo\u017enost\u00ed vz\u00e1jomnej spolupr\u00e1ce a rie\u0161en\u00ed probl\u00e9mov je odborn\u00e1 prehliadka ter\u00e9nu, po\u010das ktorej bud\u00fa prezentovan\u00e9 u\u017e zaveden\u00e9 postupy a techniky dobrej praxe.<\/p>\n\t\t\t\t\t\t\t\t<\/div>\n\t\t\t\t<\/div>\n\t\t\t\t\t<\/div>\n\t\t<\/div>\n\t\t\t\t\t<\/div>\n\t\t<\/section>\n\t\t\t\t<\/div>\n\t\t","protected":false},"excerpt":{"rendered":"<p>V\u00fdmena sk\u00fasenost\u00ed a zdie\u013eanie postupov dobrej praxe \u00da\u010dastn\u00edci s\u00e9rie workshopov realizovan\u00fdch v r\u00e1mci projektu si m\u00f4\u017eu s odborn\u00edkmi vymie\u0148a\u0165 sk\u00fasenosti v oblasti riadenia a prev\u00e1dzky obc\u00ed, ako aj konzultova\u0165 postupy dobrej praxe zaveden\u00e9 na miestnej \u00farovni. BuilcoGreen Dvojd\u0148ov\u00e9 workshopy s\u00fa zameran\u00e9 na \u0161tyr\u00a0tematick\u00e9 oblasti, ku ka\u017edej z nich je priraden\u00e9 jedno partnersk\u00e9 mesto a to &#8230; <a title=\"V\u00fdmena sk\u00fasenost\u00ed a zdie\u013eanie postupov dobrej praxe\" class=\"read-more\" href=\"https:\/\/builcogreen.arrabona.eu\/sk\/vymena-skusenosti-a-zdielanie-postupov-dobrej-praxe\/\" aria-label=\"Pre\u010d\u00edtajte si viac o V\u00fdmena sk\u00fasenost\u00ed a zdie\u013eanie postupov dobrej praxe\">\u010c\u00edta\u0165 viac<\/a><\/p>\n","protected":false},"author":2,"featured_media":0,"parent":0,"menu_order":0,"comment_status":"closed","ping_status":"open","template":"elementor_header_footer","meta":{"_acf_changed":false,"footnotes":""},"class_list":["post-208340","page","type-page","status-publish"],"acf":[],"amp_enabled":false,"_links":{"self":[{"href":"https:\/\/builcogreen.arrabona.eu\/sk\/wp-json\/wp\/v2\/pages\/208340","targetHints":{"allow":["GET"]}}],"collection":[{"href":"https:\/\/builcogreen.arrabona.eu\/sk\/wp-json\/wp\/v2\/pages"}],"about":[{"href":"https:\/\/builcogreen.arrabona.eu\/sk\/wp-json\/wp\/v2\/types\/page"}],"author":[{"embeddable":true,"href":"https:\/\/builcogreen.arrabona.eu\/sk\/wp-json\/wp\/v2\/users\/2"}],"replies":[{"embeddable":true,"href":"https:\/\/builcogreen.arrabona.eu\/sk\/wp-json\/wp\/v2\/comments?post=208340"}],"version-history":[{"count":0,"href":"https:\/\/builcogreen.arrabona.eu\/sk\/wp-json\/wp\/v2\/pages\/208340\/revisions"}],"wp:attachment":[{"href":"https:\/\/builcogreen.arrabona.eu\/sk\/wp-json\/wp\/v2\/media?parent=208340"}],"curies":[{"name":"wp","href":"https:\/\/api.w.org\/{rel}","templated":true}]}}