{"id":208344,"date":"2019-08-06T11:03:01","date_gmt":"2019-08-06T10:03:01","guid":{"rendered":"https:\/\/www.builcogreen.arrabona.eu\/mentoring\/"},"modified":"2019-08-06T11:03:06","modified_gmt":"2019-08-06T10:03:06","slug":"mentoring","status":"publish","type":"page","link":"https:\/\/builcogreen.arrabona.eu\/sk\/mentoring\/","title":{"rendered":"Mentoring"},"content":{"rendered":"\t\t<div data-elementor-type=\"wp-post\" data-elementor-id=\"208344\" class=\"elementor elementor-208344 elementor-207108 elementor-bc-flex-widget\" data-elementor-settings=\"{&quot;ha_cmc_init_switcher&quot;:&quot;no&quot;}\" data-elementor-post-type=\"page\">\n\t\t\t\t\t\t<section class=\"elementor-section elementor-top-section elementor-element elementor-element-78ff2b9e elementor-section-full_width elementor-section-height-min-height elementor-section-items-stretch elementor-section-content-middle elementor-section-height-default\" data-id=\"78ff2b9e\" data-element_type=\"section\" data-e-type=\"section\" data-settings=\"{&quot;background_background&quot;:&quot;none&quot;,&quot;_ha_eqh_enable&quot;:false}\">\n\t\t\t\t\t\t<div class=\"elementor-container elementor-column-gap-no\">\n\t\t\t\t\t<div class=\"elementor-column elementor-col-50 elementor-top-column elementor-element elementor-element-5d77eb83\" data-id=\"5d77eb83\" data-element_type=\"column\" data-e-type=\"column\" data-settings=\"{&quot;background_background&quot;:&quot;classic&quot;}\">\n\t\t\t<div class=\"elementor-widget-wrap elementor-element-populated\">\n\t\t\t\t\t\t<div class=\"elementor-element elementor-element-6ccf1d81 elementor-position-left elementor-vertical-align-middle ha-has-bg-overlay elementor-widget elementor-widget-image-box\" data-id=\"6ccf1d81\" data-element_type=\"widget\" data-e-type=\"widget\" data-widget_type=\"image-box.default\">\n\t\t\t\t<div class=\"elementor-widget-container\">\n\t\t\t\t\t<div class=\"elementor-image-box-wrapper\"><figure class=\"elementor-image-box-img\"><img fetchpriority=\"high\" decoding=\"async\" width=\"1280\" height=\"849\" src=\"https:\/\/builcogreen.arrabona.eu\/wp-content\/uploads\/sites\/7\/2018\/11\/Mentoralas.jpg\" class=\"attachment-full size-full wp-image-207099\" alt=\"\" srcset=\"https:\/\/builcogreen.arrabona.eu\/wp-content\/uploads\/sites\/7\/2018\/11\/Mentoralas.jpg 1280w, https:\/\/builcogreen.arrabona.eu\/wp-content\/uploads\/sites\/7\/2018\/11\/Mentoralas-300x199.jpg 300w, https:\/\/builcogreen.arrabona.eu\/wp-content\/uploads\/sites\/7\/2018\/11\/Mentoralas-768x509.jpg 768w, https:\/\/builcogreen.arrabona.eu\/wp-content\/uploads\/sites\/7\/2018\/11\/Mentoralas-1024x679.jpg 1024w\" sizes=\"(max-width: 1280px) 100vw, 1280px\" \/><\/figure><div class=\"elementor-image-box-content\"><h3 class=\"elementor-image-box-title\">Poskytovanie mentorskej podpory<\/h3><p class=\"elementor-image-box-description\">Vy\u0161\u0161ie prezentovan\u00e9 mo\u017enosti v\u00fdmeny osobn\u00fdch sk\u00fasenost\u00ed predstavuj\u00fa v\u00fdborn\u00fd z\u00e1klad pre usporiadanie tzv. mentorskej podpory v jednotliv\u00fdch t\u00e9mach pre z\u00fa\u010dastnen\u00e9 obce.<\/p><\/div><\/div>\t\t\t\t<\/div>\n\t\t\t\t<\/div>\n\t\t\t\t<div class=\"elementor-element elementor-element-41a65152 elementor-view-stacked elementor-shape-circle elementor-widget elementor-widget-icon\" data-id=\"41a65152\" data-element_type=\"widget\" data-e-type=\"widget\" data-widget_type=\"icon.default\">\n\t\t\t\t<div class=\"elementor-widget-container\">\n\t\t\t\t\t\t\t<div class=\"elementor-icon-wrapper\">\n\t\t\t<a class=\"elementor-icon\" href=\"#folytatas\">\n\t\t\t\t\t\t\t<i class=\"fa fa-arrow-down\" aria-hidden=\"true\"><\/i>\n\t\t\t\t\t\t<\/a>\n\t\t<\/div>\n\t\t\t\t\t\t<\/div>\n\t\t\t\t<\/div>\n\t\t\t\t\t<\/div>\n\t\t<\/div>\n\t\t\t\t<div class=\"elementor-column elementor-col-50 elementor-top-column elementor-element elementor-element-73f28fc7\" data-id=\"73f28fc7\" data-element_type=\"column\" data-e-type=\"column\" data-settings=\"{&quot;background_background&quot;:&quot;none&quot;}\">\n\t\t\t<div class=\"elementor-widget-wrap\">\n\t\t\t\t\t\t\t<\/div>\n\t\t<\/div>\n\t\t\t\t\t<\/div>\n\t\t<\/section>\n\t\t\t\t<section class=\"elementor-section elementor-top-section elementor-element elementor-element-2dce5c5e elementor-section-full_width elementor-section-height-default elementor-section-height-default\" data-id=\"2dce5c5e\" data-element_type=\"section\" data-e-type=\"section\" data-settings=\"{&quot;background_background&quot;:&quot;classic&quot;,&quot;_ha_eqh_enable&quot;:false}\">\n\t\t\t\t\t\t<div class=\"elementor-container elementor-column-gap-no\">\n\t\t\t\t\t<div class=\"elementor-column elementor-col-100 elementor-top-column elementor-element elementor-element-332c9b4a\" data-id=\"332c9b4a\" data-element_type=\"column\" data-e-type=\"column\">\n\t\t\t<div class=\"elementor-widget-wrap elementor-element-populated\">\n\t\t\t\t\t\t<div class=\"elementor-element elementor-element-4bf049e8 elementor-widget elementor-widget-heading\" data-id=\"4bf049e8\" data-element_type=\"widget\" data-e-type=\"widget\" data-widget_type=\"heading.default\">\n\t\t\t\t<div class=\"elementor-widget-container\">\n\t\t\t\t\t<h2 class=\"elementor-heading-title elementor-size-default\">Builco<BR>Green<\/h2>\t\t\t\t<\/div>\n\t\t\t\t<\/div>\n\t\t\t\t\t<\/div>\n\t\t<\/div>\n\t\t\t\t\t<\/div>\n\t\t<\/section>\n\t\t\t\t<section class=\"elementor-section elementor-top-section elementor-element elementor-element-7c239e79 elementor-section-boxed elementor-section-height-default elementor-section-height-default\" data-id=\"7c239e79\" data-element_type=\"section\" data-e-type=\"section\" data-settings=\"{&quot;background_background&quot;:&quot;classic&quot;,&quot;_ha_eqh_enable&quot;:false}\">\n\t\t\t\t\t\t<div class=\"elementor-container elementor-column-gap-no\">\n\t\t\t\t\t<div class=\"elementor-column elementor-col-100 elementor-top-column elementor-element elementor-element-54350cd3\" data-id=\"54350cd3\" data-element_type=\"column\" data-e-type=\"column\">\n\t\t\t<div class=\"elementor-widget-wrap elementor-element-populated\">\n\t\t\t\t\t\t<div class=\"elementor-element elementor-element-b976bd elementor-widget elementor-widget-text-editor\" data-id=\"b976bd\" data-element_type=\"widget\" data-e-type=\"widget\" id=\"folytatas\" data-widget_type=\"text-editor.default\">\n\t\t\t\t<div class=\"elementor-widget-container\">\n\t\t\t\t\t\t\t\t\t<p>Ako s\u00fa\u010das\u0165 mentoringu sa u\u017e v spom\u00ednan\u00fdch tematick\u00fdch oblastiach uskuto\u010dnia 3-3 konzult\u00e1cie, v r\u00e1mci ktor\u00fdch experti, miestni odborn\u00edci a ved\u00faci predstavitelia miest a obc\u00ed spolo\u010dne vykonaj\u00fa prieskum a identifik\u00e1ciu probl\u00e9mov a prediskutuj\u00fa aplikovate\u013enos\u0165 navrhovan\u00fdch rie\u0161en\u00ed. Po\u010das celodenn\u00fdch odborn\u00fdch konzult\u00e1ci\u00ed obvykle odoznej\u00fa tak\u00e9 n\u00e1vrhy, ktor\u00e9 s\u00fa aplikovate\u013en\u00e9 aj do ka\u017edodennej praxe. \u00da\u010dastn\u00edkmi mentorsk\u00fdch stretnut\u00ed s\u00fa aj odborn\u00edci, ktor\u00ed zaznamenaj\u00fa prezentovan\u00e9 my\u0161lienky a formou \u0161t\u00fadi\u00ed realizovate\u013enosti ich poskytn\u00fa jednotliv\u00fdm obciam.<\/p>\n\t\t\t\t\t\t\t\t<\/div>\n\t\t\t\t<\/div>\n\t\t\t\t\t<\/div>\n\t\t<\/div>\n\t\t\t\t\t<\/div>\n\t\t<\/section>\n\t\t\t\t<\/div>\n\t\t","protected":false},"excerpt":{"rendered":"<p>Poskytovanie mentorskej podpory Vy\u0161\u0161ie prezentovan\u00e9 mo\u017enosti v\u00fdmeny osobn\u00fdch sk\u00fasenost\u00ed predstavuj\u00fa v\u00fdborn\u00fd z\u00e1klad pre usporiadanie tzv. mentorskej podpory v jednotliv\u00fdch t\u00e9mach pre z\u00fa\u010dastnen\u00e9 obce. BuilcoGreen Ako s\u00fa\u010das\u0165 mentoringu sa u\u017e v spom\u00ednan\u00fdch tematick\u00fdch oblastiach uskuto\u010dnia 3-3 konzult\u00e1cie, v r\u00e1mci ktor\u00fdch experti, miestni odborn\u00edci a ved\u00faci predstavitelia miest a obc\u00ed spolo\u010dne vykonaj\u00fa prieskum a identifik\u00e1ciu probl\u00e9mov a &#8230; <a title=\"Mentoring\" class=\"read-more\" href=\"https:\/\/builcogreen.arrabona.eu\/sk\/mentoring\/\" aria-label=\"Pre\u010d\u00edtajte si viac o Mentoring\">\u010c\u00edta\u0165 viac<\/a><\/p>\n","protected":false},"author":2,"featured_media":0,"parent":0,"menu_order":0,"comment_status":"closed","ping_status":"open","template":"elementor_header_footer","meta":{"_acf_changed":false,"footnotes":""},"class_list":["post-208344","page","type-page","status-publish"],"acf":[],"amp_enabled":false,"_links":{"self":[{"href":"https:\/\/builcogreen.arrabona.eu\/sk\/wp-json\/wp\/v2\/pages\/208344","targetHints":{"allow":["GET"]}}],"collection":[{"href":"https:\/\/builcogreen.arrabona.eu\/sk\/wp-json\/wp\/v2\/pages"}],"about":[{"href":"https:\/\/builcogreen.arrabona.eu\/sk\/wp-json\/wp\/v2\/types\/page"}],"author":[{"embeddable":true,"href":"https:\/\/builcogreen.arrabona.eu\/sk\/wp-json\/wp\/v2\/users\/2"}],"replies":[{"embeddable":true,"href":"https:\/\/builcogreen.arrabona.eu\/sk\/wp-json\/wp\/v2\/comments?post=208344"}],"version-history":[{"count":0,"href":"https:\/\/builcogreen.arrabona.eu\/sk\/wp-json\/wp\/v2\/pages\/208344\/revisions"}],"wp:attachment":[{"href":"https:\/\/builcogreen.arrabona.eu\/sk\/wp-json\/wp\/v2\/media?parent=208344"}],"curies":[{"name":"wp","href":"https:\/\/api.w.org\/{rel}","templated":true}]}}