{"id":208346,"date":"2019-08-06T11:04:11","date_gmt":"2019-08-06T10:04:11","guid":{"rendered":"https:\/\/www.builcogreen.arrabona.eu\/eredmenymegosztas_sk\/"},"modified":"2019-08-06T11:04:14","modified_gmt":"2019-08-06T10:04:14","slug":"eredmenymegosztas_sk","status":"publish","type":"page","link":"https:\/\/builcogreen.arrabona.eu\/sk\/eredmenymegosztas_sk\/","title":{"rendered":"Eredmenymegosztas_SK"},"content":{"rendered":"\t\t<div data-elementor-type=\"wp-post\" data-elementor-id=\"208346\" class=\"elementor elementor-208346 elementor-207112 elementor-bc-flex-widget\" data-elementor-settings=\"{&quot;ha_cmc_init_switcher&quot;:&quot;no&quot;}\" data-elementor-post-type=\"page\">\n\t\t\t\t\t\t<section class=\"elementor-section elementor-top-section elementor-element elementor-element-22efd23c elementor-section-full_width elementor-section-height-min-height elementor-section-items-stretch elementor-section-content-middle elementor-section-height-default\" data-id=\"22efd23c\" data-element_type=\"section\" data-e-type=\"section\" data-settings=\"{&quot;background_background&quot;:&quot;none&quot;,&quot;_ha_eqh_enable&quot;:false}\">\n\t\t\t\t\t\t<div class=\"elementor-container elementor-column-gap-no\">\n\t\t\t\t\t<div class=\"elementor-column elementor-col-50 elementor-top-column elementor-element elementor-element-66b5674e\" data-id=\"66b5674e\" data-element_type=\"column\" data-e-type=\"column\" data-settings=\"{&quot;background_background&quot;:&quot;classic&quot;}\">\n\t\t\t<div class=\"elementor-widget-wrap elementor-element-populated\">\n\t\t\t\t\t\t<div class=\"elementor-element elementor-element-15f160e8 elementor-position-left elementor-vertical-align-middle ha-has-bg-overlay elementor-widget elementor-widget-image-box\" data-id=\"15f160e8\" data-element_type=\"widget\" data-e-type=\"widget\" data-widget_type=\"image-box.default\">\n\t\t\t\t<div class=\"elementor-widget-container\">\n\t\t\t\t\t<div class=\"elementor-image-box-wrapper\"><figure class=\"elementor-image-box-img\"><img fetchpriority=\"high\" decoding=\"async\" width=\"1280\" height=\"854\" src=\"https:\/\/builcogreen.arrabona.eu\/wp-content\/uploads\/sites\/7\/2018\/11\/Eredmenymegosztas.jpg\" class=\"attachment-full size-full wp-image-207098\" alt=\"\" srcset=\"https:\/\/builcogreen.arrabona.eu\/wp-content\/uploads\/sites\/7\/2018\/11\/Eredmenymegosztas.jpg 1280w, https:\/\/builcogreen.arrabona.eu\/wp-content\/uploads\/sites\/7\/2018\/11\/Eredmenymegosztas-300x200.jpg 300w, https:\/\/builcogreen.arrabona.eu\/wp-content\/uploads\/sites\/7\/2018\/11\/Eredmenymegosztas-768x512.jpg 768w, https:\/\/builcogreen.arrabona.eu\/wp-content\/uploads\/sites\/7\/2018\/11\/Eredmenymegosztas-1024x683.jpg 1024w\" sizes=\"(max-width: 1280px) 100vw, 1280px\" \/><\/figure><div class=\"elementor-image-box-content\"><h3 class=\"elementor-image-box-title\">Zdie\u013eanie a publikovanie v\u00fdsledkov<\/h3><p class=\"elementor-image-box-description\">Tre\u0165ou d\u00f4le\u017eitou \u010dinnos\u0165ou je spr\u00edstupnenie odborn\u00fdch sk\u00fasenost\u00ed pre jednotliv\u00e9 tematick\u00e9 oblasti vo forme s\u00fahrnn\u00fdch spr\u00e1v respekt\u00edve \u0161t\u00fadi\u00ed realizovate\u013enosti, z\u00e1rove\u0148 sa pl\u00e1nuje pr\u00edprava a publikovanie osvetov\u00fdch bro\u017e\u00far pre obce, ktor\u00e9 s\u00fa vyu\u017eite\u013en\u00e9 v r\u00e1mci jednotliv\u00fdch podujat\u00ed.<\/p><\/div><\/div>\t\t\t\t<\/div>\n\t\t\t\t<\/div>\n\t\t\t\t<div class=\"elementor-element elementor-element-181514e1 elementor-view-stacked elementor-shape-circle elementor-widget elementor-widget-icon\" data-id=\"181514e1\" data-element_type=\"widget\" data-e-type=\"widget\" data-widget_type=\"icon.default\">\n\t\t\t\t<div class=\"elementor-widget-container\">\n\t\t\t\t\t\t\t<div class=\"elementor-icon-wrapper\">\n\t\t\t<a class=\"elementor-icon\" href=\"#folytatas\">\n\t\t\t\t\t\t\t<i class=\"fa fa-arrow-down\" aria-hidden=\"true\"><\/i>\n\t\t\t\t\t\t<\/a>\n\t\t<\/div>\n\t\t\t\t\t\t<\/div>\n\t\t\t\t<\/div>\n\t\t\t\t\t<\/div>\n\t\t<\/div>\n\t\t\t\t<div class=\"elementor-column elementor-col-50 elementor-top-column elementor-element elementor-element-2ae02f26\" data-id=\"2ae02f26\" data-element_type=\"column\" data-e-type=\"column\" data-settings=\"{&quot;background_background&quot;:&quot;none&quot;}\">\n\t\t\t<div class=\"elementor-widget-wrap\">\n\t\t\t\t\t\t\t<\/div>\n\t\t<\/div>\n\t\t\t\t\t<\/div>\n\t\t<\/section>\n\t\t\t\t<section class=\"elementor-section elementor-top-section elementor-element elementor-element-183b217f elementor-section-full_width elementor-section-height-default elementor-section-height-default\" data-id=\"183b217f\" data-element_type=\"section\" data-e-type=\"section\" data-settings=\"{&quot;background_background&quot;:&quot;classic&quot;,&quot;_ha_eqh_enable&quot;:false}\">\n\t\t\t\t\t\t<div class=\"elementor-container elementor-column-gap-no\">\n\t\t\t\t\t<div class=\"elementor-column elementor-col-100 elementor-top-column elementor-element elementor-element-5783305e\" data-id=\"5783305e\" data-element_type=\"column\" data-e-type=\"column\">\n\t\t\t<div class=\"elementor-widget-wrap elementor-element-populated\">\n\t\t\t\t\t\t<div class=\"elementor-element elementor-element-59a6ecc3 elementor-widget elementor-widget-heading\" data-id=\"59a6ecc3\" data-element_type=\"widget\" data-e-type=\"widget\" data-widget_type=\"heading.default\">\n\t\t\t\t<div class=\"elementor-widget-container\">\n\t\t\t\t\t<h2 class=\"elementor-heading-title elementor-size-default\">Builco<BR>Green<\/h2>\t\t\t\t<\/div>\n\t\t\t\t<\/div>\n\t\t\t\t\t<\/div>\n\t\t<\/div>\n\t\t\t\t\t<\/div>\n\t\t<\/section>\n\t\t\t\t<section class=\"elementor-section elementor-top-section elementor-element elementor-element-53b032d elementor-section-boxed elementor-section-height-default elementor-section-height-default\" data-id=\"53b032d\" data-element_type=\"section\" data-e-type=\"section\" data-settings=\"{&quot;background_background&quot;:&quot;classic&quot;,&quot;_ha_eqh_enable&quot;:false}\">\n\t\t\t\t\t\t<div class=\"elementor-container elementor-column-gap-no\">\n\t\t\t\t\t<div class=\"elementor-column elementor-col-100 elementor-top-column elementor-element elementor-element-3363bc01\" data-id=\"3363bc01\" data-element_type=\"column\" data-e-type=\"column\">\n\t\t\t<div class=\"elementor-widget-wrap elementor-element-populated\">\n\t\t\t\t\t\t<div class=\"elementor-element elementor-element-3864b4ff elementor-widget elementor-widget-text-editor\" data-id=\"3864b4ff\" data-element_type=\"widget\" data-e-type=\"widget\" id=\"folytatas\" data-widget_type=\"text-editor.default\">\n\t\t\t\t<div class=\"elementor-widget-container\">\n\t\t\t\t\t\t\t\t\t<p>Tieto dokumenty si klad\u00fa za cie\u013e oslovi\u0165 obyvate\u013estvo a apelova\u0165 na ich spolu\u00fa\u010das\u0165 pri vytv\u00e1ran\u00ed ob\u00fdvate\u013enej\u0161\u00edch, ekologickej\u0161\u00edch obc\u00ed. \u00da\u010delom vytvorenia online informa\u010dnej datab\u00e1zy a platformy je podpora vz\u00e1jomnej spolupr\u00e1ce, zv\u00fd\u0161enie efektivity prev\u00e1dzkovania miest a obc\u00ed respekt\u00edve v z\u00e1ujme efekt\u00edvnej\u0161ieho hospod\u00e1renia pren\u00e1jom pracovn\u00fdch strojov formou spolo\u010dn\u00e9ho online katal\u00f3gu.<\/p>\n\t\t\t\t\t\t\t\t<\/div>\n\t\t\t\t<\/div>\n\t\t\t\t\t<\/div>\n\t\t<\/div>\n\t\t\t\t\t<\/div>\n\t\t<\/section>\n\t\t\t\t<\/div>\n\t\t","protected":false},"excerpt":{"rendered":"<p>Zdie\u013eanie a publikovanie v\u00fdsledkov Tre\u0165ou d\u00f4le\u017eitou \u010dinnos\u0165ou je spr\u00edstupnenie odborn\u00fdch sk\u00fasenost\u00ed pre jednotliv\u00e9 tematick\u00e9 oblasti vo forme s\u00fahrnn\u00fdch spr\u00e1v respekt\u00edve \u0161t\u00fadi\u00ed realizovate\u013enosti, z\u00e1rove\u0148 sa pl\u00e1nuje pr\u00edprava a publikovanie osvetov\u00fdch bro\u017e\u00far pre obce, ktor\u00e9 s\u00fa vyu\u017eite\u013en\u00e9 v r\u00e1mci jednotliv\u00fdch podujat\u00ed. BuilcoGreen Tieto dokumenty si klad\u00fa za cie\u013e oslovi\u0165 obyvate\u013estvo a apelova\u0165 na ich spolu\u00fa\u010das\u0165 pri vytv\u00e1ran\u00ed &#8230; <a title=\"Eredmenymegosztas_SK\" class=\"read-more\" href=\"https:\/\/builcogreen.arrabona.eu\/sk\/eredmenymegosztas_sk\/\" aria-label=\"Pre\u010d\u00edtajte si viac o Eredmenymegosztas_SK\">\u010c\u00edta\u0165 viac<\/a><\/p>\n","protected":false},"author":2,"featured_media":0,"parent":0,"menu_order":0,"comment_status":"closed","ping_status":"open","template":"elementor_header_footer","meta":{"_acf_changed":false,"footnotes":""},"class_list":["post-208346","page","type-page","status-publish"],"acf":[],"amp_enabled":false,"_links":{"self":[{"href":"https:\/\/builcogreen.arrabona.eu\/sk\/wp-json\/wp\/v2\/pages\/208346","targetHints":{"allow":["GET"]}}],"collection":[{"href":"https:\/\/builcogreen.arrabona.eu\/sk\/wp-json\/wp\/v2\/pages"}],"about":[{"href":"https:\/\/builcogreen.arrabona.eu\/sk\/wp-json\/wp\/v2\/types\/page"}],"author":[{"embeddable":true,"href":"https:\/\/builcogreen.arrabona.eu\/sk\/wp-json\/wp\/v2\/users\/2"}],"replies":[{"embeddable":true,"href":"https:\/\/builcogreen.arrabona.eu\/sk\/wp-json\/wp\/v2\/comments?post=208346"}],"version-history":[{"count":0,"href":"https:\/\/builcogreen.arrabona.eu\/sk\/wp-json\/wp\/v2\/pages\/208346\/revisions"}],"wp:attachment":[{"href":"https:\/\/builcogreen.arrabona.eu\/sk\/wp-json\/wp\/v2\/media?parent=208346"}],"curies":[{"name":"wp","href":"https:\/\/api.w.org\/{rel}","templated":true}]}}