{"id":208421,"date":"2018-08-09T13:41:15","date_gmt":"2018-08-09T12:41:15","guid":{"rendered":"https:\/\/www.builcogreen.arrabona.eu\/ucastnici-projektu\/"},"modified":"2019-08-07T14:56:24","modified_gmt":"2019-08-07T13:56:24","slug":"ucastnici-projektu","status":"publish","type":"page","link":"https:\/\/builcogreen.arrabona.eu\/sk\/ucastnici-projektu\/","title":{"rendered":"\u00da\u010dastn\u00edci projektu"},"content":{"rendered":"\t\t<div data-elementor-type=\"wp-post\" data-elementor-id=\"208421\" class=\"elementor elementor-208421 elementor-26 elementor-bc-flex-widget\" data-elementor-settings=\"{&quot;ha_cmc_init_switcher&quot;:&quot;no&quot;}\" data-elementor-post-type=\"page\">\n\t\t\t\t\t\t<section class=\"elementor-section elementor-top-section elementor-element elementor-element-3f993ad7 elementor-section-boxed elementor-section-height-default elementor-section-height-default\" data-id=\"3f993ad7\" data-element_type=\"section\" data-e-type=\"section\" data-settings=\"{&quot;_ha_eqh_enable&quot;:false}\">\n\t\t\t\t\t\t<div class=\"elementor-container elementor-column-gap-default\">\n\t\t\t\t\t<div class=\"elementor-column elementor-col-100 elementor-top-column elementor-element elementor-element-7779296e\" data-id=\"7779296e\" data-element_type=\"column\" data-e-type=\"column\">\n\t\t\t<div class=\"elementor-widget-wrap elementor-element-populated\">\n\t\t\t\t\t\t<div class=\"elementor-element elementor-element-141303da elementor-widget elementor-widget-html\" data-id=\"141303da\" data-element_type=\"widget\" data-e-type=\"widget\" data-widget_type=\"html.default\">\n\t\t\t\t<div class=\"elementor-widget-container\">\n\t\t\t\t\t<iframe src=\"https:\/\/www.google.com\/maps\/d\/u\/0\/embed?mid=1wk-bAZ9-NP3IPUDDnu0r2l7-UuPYdesk\" width=\"640\" height=\"480\"><\/iframe>\t\t\t\t<\/div>\n\t\t\t\t<\/div>\n\t\t\t\t\t<\/div>\n\t\t<\/div>\n\t\t\t\t\t<\/div>\n\t\t<\/section>\n\t\t\t\t<\/div>\n\t\t","protected":false},"excerpt":{"rendered":"","protected":false},"author":3,"featured_media":0,"parent":0,"menu_order":0,"comment_status":"closed","ping_status":"open","template":"elementor_header_footer","meta":{"_acf_changed":false,"footnotes":""},"class_list":["post-208421","page","type-page","status-publish"],"acf":[],"amp_enabled":false,"_links":{"self":[{"href":"https:\/\/builcogreen.arrabona.eu\/sk\/wp-json\/wp\/v2\/pages\/208421","targetHints":{"allow":["GET"]}}],"collection":[{"href":"https:\/\/builcogreen.arrabona.eu\/sk\/wp-json\/wp\/v2\/pages"}],"about":[{"href":"https:\/\/builcogreen.arrabona.eu\/sk\/wp-json\/wp\/v2\/types\/page"}],"author":[{"embeddable":true,"href":"https:\/\/builcogreen.arrabona.eu\/sk\/wp-json\/wp\/v2\/users\/3"}],"replies":[{"embeddable":true,"href":"https:\/\/builcogreen.arrabona.eu\/sk\/wp-json\/wp\/v2\/comments?post=208421"}],"version-history":[{"count":0,"href":"https:\/\/builcogreen.arrabona.eu\/sk\/wp-json\/wp\/v2\/pages\/208421\/revisions"}],"wp:attachment":[{"href":"https:\/\/builcogreen.arrabona.eu\/sk\/wp-json\/wp\/v2\/media?parent=208421"}],"curies":[{"name":"wp","href":"https:\/\/api.w.org\/{rel}","templated":true}]}}